{"id":429,"date":"2019-01-26T18:35:57","date_gmt":"2019-01-26T17:35:57","guid":{"rendered":"https:\/\/weydner-volkmann.de\/?page_id=429"},"modified":"2025-09-18T14:42:10","modified_gmt":"2025-09-18T13:42:10","slug":"science-transfer","status":"publish","type":"page","link":"https:\/\/weydner-volkmann.de\/?page_id=429","title":{"rendered":"Science Transfer"},"content":{"rendered":"\n<h2 class=\"wp-block-heading\">Public and invited lectures<\/h2>\n\n\n\n<ul class=\"wp-block-list\">\n<li>Weydner-Volkmann, Sebastian (2025): &#8220;KI-Chatbots und reflektierendes Schreiben: Eine ethische Betrachtung.&#8221; Generative KI in der Lehre. Workshop for faculty at the University Duisburg Essen, 18 September 2025.<\/li>\n\n\n\n<li>Weydner-Volkmann, Sebastian (2025): &#8220;\u2018Vertrauensw\u00fcrdige\u2019 KI in der Hochschulverwaltung? Technikethische Perspektiven.&#8221; Mut zu KI \u2013 Entmystifizierung von KI in der Verwaltung. Workshop der Vereinigung der Kanzlerinnen und Kanzler der deutschen Universit\u00e4ten. Wuppertal, 25 February 2025.<\/li>\n\n\n\n<li>Weydner-Volkmann, Sebastian (2025): &#8220;Kritisches Denken und reflektierendes Schreiben: technikethische \u00dcberlegungen zu generativer KI im akademischen Kontext.&#8221; Technik und Erkenntnis: Ethische Herausforderungen und das Verstehen der k\u00fcnstlichen Intelligenz. Philosophische Winterakademie im Rahmen des Landes- und Bundeswettbewerbs Philosophischer Essay. M\u00fcnster, 30 January 2025. <\/li>\n\n\n\n<li>Weydner-Volkmann, Sebastian (2024): &#8220;Schreiben mit generativer KI: eine philosophische Reflexion.&#8221; Vortragsreihe KI trifft Campus. Hochschule Osnabr\u00fcck (online). Zoom, 25 April 2024.<\/li>\n\n\n\n<li>Weydner-Volkmann, Sebastian (2023): &#8220;Digitale \u00d6ffentlichkeiten: Deweys Demokratieverst\u00e4ndnis im Zeitalter von Filterblasen und Echokammern. Friedrich-Naumann-Stiftung (online). Zoom, 16 November 2023.<\/li>\n\n\n\n<li>Weydner-Volkmann, Sebastian (2023): &#8220;Learning Analytics zwischen Autonomie und Konformit\u00e4t: Ethische Perspektiven zur datenbasierten Optimierung von Lernprozessen.&#8221; Workshop der Medienberatenden der Schulen in NRW 2023. Essen, 25 October 2023.<\/li>\n\n\n\n<li>Weydner-Volkmann, Sebastian (2022): &#8220;Ethik und KI \u2013 Eine Verh\u00e4ltnisbestimmung.&#8221; Lecture Series MA Programme &#8220;Human Factors&#8221; of the HS Furtwangen (online), Germany,&nbsp;08 April 2022.<\/li>\n\n\n\n<li>Weydner-Volkmann, Sebastian (2021): &#8220;Vertrauen und Vertrautheit bei KI-Technologien.&#8221; KI-Abende der LMU-M\u00fcnchen. Online, hosted by LMU M\u00fcnchen, Germany, 18 November 2021.<\/li>\n<\/ul>\n\n\n\n<h2 class=\"wp-block-heading\">Public panel discussions<\/h2>\n\n\n\n<h3 class=\"wp-block-heading\">Is ChatGPT good for my research?<\/h3>\n\n\n\n<p>Rutopia panel discussion | 03 July 2024 | ICAMS &amp; Institute for Materials, Ruhr University Bochum<\/p>\n\n\n\n<p><strong>Panelists:<\/strong><br>Prof. Miguel Marques (ICAMS)<br>Dr. Irina Roslyakova (Institute for Materials) <br>Jun. Prof. Tatjana Scheffler (Germanistik)<br>Jun. Prof. Sebastian Weydner-Volkmann (Institute of Philosophy)<\/p>\n\n\n\n<h3 class=\"wp-block-heading\">Demokratie im Datenmeer \u2013 Freiheit auf dem Pr\u00fcfstand?<\/h3>\n\n\n\n<p><a href=\"https:\/\/2014.politikimfreientheater.de\/vortraege-podien-demokratie-im-datenmeer-freiheit-auf-dem-pruefstand\/\">9. Festival &#8220;Politik im Freien Theater&#8221;: Freiheit<\/a> | 23 November 2014 | <a href=\"https:\/\/2014.politikimfreientheater.de\/service\/spielorte\/\" target=\"_blank\" rel=\"noreferrer noopener\">Theater Freiburg<\/a><\/p>\n\n\n\n<p>Die dynamische Technikentwicklung erweitert die M\u00f6glichkeiten f\u00fcr die \u00dcberwachung von B\u00fcrgern im Netz durch die Geheimdienste. Die Vermessung der Menschen durch gro\u00dfe Konzerne wie Google findet in fast unbegrenztem Ausma\u00df statt. Welche Chancen und Risiken birgt Big Data im Spannungsfeld von Freiheit und Sicherheit?<\/p>\n\n\n\n<p>Podium mit: Prof. Martin Haase (Blogger, Professor f\u00fcr Linguistik an der Otto-Friedrich-Universit\u00e4t Bamberg, Mitglied des Chaos Computer Clubs), Rainer Wendt (Bundesvorsitzender der Deutschen Polizeigewerkschaft), J\u00f6rg Klingbeil (Landesbeauftragter f\u00fcr den Datenschutz Baden-W\u00fcrttemberg), Sebastian Volkmann (wissenschaftlicher Mitarbeiter am Centre for Security and Society und am Husserl-Archiv der Universit\u00e4t Freiburg), Mitglieder der Prager K\u00fcnstlergruppe Ztohoven; Moderation: Judith Horchert (stv. Leiterin des Netzwerk-Ressort von SPIEGEL Online)<\/p>\n\n\n\n<h2 class=\"wp-block-heading\">Magazines, Blogs, Reports<\/h2>\n\n\n\n<p>Nationale Akademie der Wissenschaften Leopoldina und Deutsche Forschungsgemeinschaft (2024). Wissenschaftsfreiheit und Sicherheitsinteressen in Zeiten geopolitischer\u00ad Polarisierung \u2013 F\u00fcnfter T\u00e4tigkeits- und Sachstandsbericht des Gemeinsamen Aus\u00adschusses von DFG und Leopoldina zum 1. November 2024.<br><a href=\"https:\/\/www.sicherheitsrelevante-forschung.org\/publikation-taetigkeitsbericht2024\/\" data-type=\"link\" data-id=\"https:\/\/www.sicherheitsrelevante-forschung.org\/publikation-taetigkeitsbericht2024\/\" target=\"_blank\" rel=\"noreferrer noopener\">PDF<\/a> <em>(My Research on Dual-Use issues in IT Security research mentioned on pp. 52-53.<\/em>)<\/p>\n\n\n\n<p>Kaya Cassing and Sebastian Weydner-Volkmann (23 November 2023): &#8220;Unsicherheit in der IT-Sicherheit.&#8221; Praefaktisch.de \u2013 Ein Philosophieblog. <a href=\"https:\/\/praefaktisch.de\/002e\/unsicherheit-in-der-it-sicherheit\/\">https:\/\/praefaktisch.de\/002e\/unsicherheit-in-der-it-sicherheit\/<\/a><\/p>\n\n\n\n<p>Valerie Schaub im Interview mit Sebastian Volkmann (2015): &#8220;Auf der Suche nach Freiheit.&#8221; Die deutsche B\u00fchne. Schauspiel, Tanz, Musiktheater 86 (1). 34-37.<br><a href=\"https:\/\/www.die-deutsche-buehne.de\/sites\/default\/files\/archiv\/files\/DDB_2015_01_34_37%20Festival_opti.pdf\">PDF<\/a><\/p>\n\n\n\n<p>Nicolas Scherger (2013): &#8220;Sicher durch die Schleuse. Wissenschaftler am Centre for Security and Society entwickeln eine Typologie, um Flughafen-Checkpoints aus ethischer Perspektive zu bewerten.&#8221; Uni&#8217;wissen. Das Forschungsmagazin der Albert-Ludwigs-Universit\u00e4t Freiburg (01\/2013). 12-15.<br><a href=\"http:\/\/www.pr2.uni-freiburg.de\/publikationen\/uniwissen\/uniwissen-2013-1\/\">Full text<\/a><\/p>\n\n\n\n<h2 class=\"wp-block-heading\">Workshops<\/h2>\n\n\n\n<h3 class=\"wp-block-heading\">Wie pr\u00e4gt (generative KI-)Technik unser Weltverh\u00e4ltnis?<\/h3>\n\n\n\n<p><em>Sebastian Weydner-Volkmann and Isabel Wrobel<\/em><\/p>\n\n\n\n<p>Workshop im Rahmen der Philosophischen Winterakademie im Rahmen des Landes- und Bundeswettbewerbs Philosophischer Essay 2025 &#8220;Technik und Erkenntnis: Ethische Herausforderungen und das Verstehen der k\u00fcnstlichen Intelligenz.&#8221; M\u00fcnster, 30 January 2025.<\/p>\n\n\n\n<h3 class=\"wp-block-heading\">Philosophie und Sicherheitstechnik (proTechnicale)<\/h3>\n\n\n\n<p><em>Two-day workshop as part of the proTechnicale programme<br>2014, 2015: Elisa Orr\u00f9 and Sebastian Volkmann<\/em><br><em>2016: Sebastian Volkmann<\/em><\/p>\n\n\n\n<p><a href=\"http:\/\/www.protechnicale.de\/index.php?setlang=english\" target=\"_blank\" rel=\"noreferrer noopener\">proTechnicale <\/a>is an eleven-month course for women between high school graduation and university.&nbsp;\u200fThe goal is to inspire young women with enthusiasm for engineering careers and to prepare them for what lies ahead.<\/p>\n\n\n\n<p>For three years (2014, 2015, 2016),&nbsp;the German language workshop &#8220;Philosophie und Sicherheitstechnik&#8221; has been&nbsp;part of this programme. Its goal&nbsp;is&nbsp;to complement the course&#8217;s engineering focus with an ethics of technology perspective.<\/p>\n","protected":false},"excerpt":{"rendered":"<p>Public and invited lectures Public panel discussions Is ChatGPT good for my research? Rutopia panel discussion | 03 July 2024 | ICAMS &amp; Institute for Materials, Ruhr University Bochum Panelists:Prof. Miguel Marques (ICAMS)Dr. Irina Roslyakova (Institute for Materials) Jun. Prof. Tatjana Scheffler (Germanistik)Jun. Prof. Sebastian Weydner-Volkmann (Institute of Philosophy) Demokratie im Datenmeer \u2013 Freiheit auf&#8230;<\/p>\n","protected":false},"author":1,"featured_media":0,"parent":0,"menu_order":0,"comment_status":"closed","ping_status":"closed","template":"","meta":{"footnotes":""},"class_list":["post-429","page","type-page","status-publish","hentry"],"_links":{"self":[{"href":"https:\/\/weydner-volkmann.de\/index.php?rest_route=\/wp\/v2\/pages\/429","targetHints":{"allow":["GET"]}}],"collection":[{"href":"https:\/\/weydner-volkmann.de\/index.php?rest_route=\/wp\/v2\/pages"}],"about":[{"href":"https:\/\/weydner-volkmann.de\/index.php?rest_route=\/wp\/v2\/types\/page"}],"author":[{"embeddable":true,"href":"https:\/\/weydner-volkmann.de\/index.php?rest_route=\/wp\/v2\/users\/1"}],"replies":[{"embeddable":true,"href":"https:\/\/weydner-volkmann.de\/index.php?rest_route=%2Fwp%2Fv2%2Fcomments&post=429"}],"version-history":[{"count":15,"href":"https:\/\/weydner-volkmann.de\/index.php?rest_route=\/wp\/v2\/pages\/429\/revisions"}],"predecessor-version":[{"id":894,"href":"https:\/\/weydner-volkmann.de\/index.php?rest_route=\/wp\/v2\/pages\/429\/revisions\/894"}],"wp:attachment":[{"href":"https:\/\/weydner-volkmann.de\/index.php?rest_route=%2Fwp%2Fv2%2Fmedia&parent=429"}],"curies":[{"name":"wp","href":"https:\/\/api.w.org\/{rel}","templated":true}]}}