{"id":127,"date":"2017-04-21T14:32:01","date_gmt":"2017-04-21T13:32:01","guid":{"rendered":"https:\/\/weydner-volkmann.de\/?page_id=127"},"modified":"2026-01-09T11:44:14","modified_gmt":"2026-01-09T10:44:14","slug":"conference-papers","status":"publish","type":"page","link":"https:\/\/weydner-volkmann.de\/?page_id=127","title":{"rendered":"Conferences, lectures and workshop papers"},"content":{"rendered":"<div class=\"page\" title=\"Page 11\">\n<div class=\"section\">\n<div class=\"layoutArea\">\n<div class=\"column\">\n<ul>\n<li>Weydner-Volkmann, Sebastian (2025): \u201cSelf-Tracking, Learning Analytics and Self-Surveillance.\u201d Privacy in Public Lecture Series. University of Amsterdam, Netherlands, 10 December 2025.<\/li>\n<li>Weydner-Volkmann, Sebastian &amp; Selin Gerlek (2025): \u201cMateriality and Machinic Embodiment: A post-phenomenological inquiry into ChatGPT\u2019s active user interface.\u201d Workshop on Body, Time, and Digital Technologies: Philosophical and Literary Perspectives. University of Cyprus (online), Zoom, 02 October 2025.<\/li>\n<li>Gerlek, Selin &amp; Sebastian Weydner-Volkmann (2025): \u201cQuasi-Materiality and Active UIs: Postphenomenology in the Age of ChatGPT.\u201d Conference of the Central and Eastern European Society of Phenomenology (CEESP) 2025 on Phenomenology and Technology. Riga, Latvia, 03 September 2025.<\/li>\n<li>Weydner-Volkmann, Sebastian (2025): \u201cUninvited Contradictions: Digital Echo Chambers in the Light of Dewey\u2019s Ethos of Inquiry.\u201d Fifth European Pragmatism Conference. St. Gallen, CH, 20 August 2025.<\/li>\n<li>Weydner-Volkmann, Sebastian (2025): \u201cIntelligent writing habits. A Deweyan take on the postphenomenology of generative AI.\u201d Conference of the Society for the Philosophy of Technology 2025 (SPT2025). Eindhoven, NL, 28 June 2025.\u00a0<\/li>\n<li>Weydner-Volkmann, Sebastian (2025): \u201c\u2018Vertrauensw\u00fcrdige\u2019 KI in der Hochschulverwaltung? Technikethische Perspektiven.\u201d Mut zu KI \u2013 Entmystifizierung von KI in der Verwaltung. Workshop der Vereinigung der Kanzlerinnen und Kanzler der deutschen Universit\u00e4ten. Wuppertal, 25 February 2025.<\/li>\n<li>Weydner-Volkmann, Sebastian (2025): &#8220;Kritisches Denken und reflektierendes Schreiben: technikethische \u00dcberlegungen zu generativer KI im akademischen Kontext.&#8221; Technik und Erkenntnis: Ethische Herausforderungen und das Verstehen der k\u00fcnstlichen Intelligenz. Philosophische Winterakademie im Rahmen des Landes- und Bundeswettbewerbs Philosophischer Essay. M\u00fcnster, 30 January 2025.<\/li>\n<li>Weydner-Volkmann, Sebastian (2024): \u201cSelf-Tracking, Learning Analytics and Self-Surveillance.\u201d Privacy in Public Lecture Series. University of Amsterdam, Netherlands, 11 December 2024.<\/li>\n<li>Weydner-Volkmann, Sebastian (2024): \u201cDie Kommodifizierung des Schreibens? Philosophische Perspektiven auf KI-Schreibtools.\u201d Tagung f\u00fcr Praktische Philosophie. University of Passau, 16 September 2024.<\/li>\n<li>Weydner-Volkmann, Sebastian (2024): \u201cDigital autonomy? Feedback tools for self-improvement between freedom and disciplination.\u201d Keynote. CAIS Digitalisation Research Seminar (DigiSem) 2024: Digital Freedom \u2013 Autonomy, Wellbeing and Participation. Bochum, 14 October 2024.<\/li>\n<li>Weydner-Volkmann, Sebastian (2024): &#8220;Schreiben mit generativer KI: eine philosophische Reflexion.&#8221; Vortragsreihe KI trifft Campus. Hochschule Osnabr\u00fcck (online). Zoom, 25 April 2024.<\/li>\n<li>Weydner-Volkmann, Sebastian (2023): &#8220;Digitale \u00d6ffentlichkeiten: Deweys Demokratieverst\u00e4ndnis im Zeitalter von Filterblasen und Echokammern. Friedrich-Naumann-Stiftung (online). Zoom, 16 November 2023.<\/li>\n<li>Weydner-Volkmann, Sebastian (2023): &#8220;Self-Tracking in the Light of John Dewey\u2019s Concept of Reflective Habitualization.&#8221; Workshop Emerging Technologies &amp; Well-Being. TU-Dortmund, 15-16 November 2023.<\/li>\n<li>Weydner-Volkmann, Sebastian (2023): &#8220;KI-Feedbacksysteme in der Hochschullehre: Eine ethische Betrachtung.&#8221; Forschungskolloquium Neuroethics and Ethics in AI, Forschungszentrum J\u00fclich (online). Zoom, 27 October 2023.<\/li>\n<li>Weydner-Volkmann, Sebastian (2023): &#8220;Learning Analytics zwischen Autonomie und Konformit\u00e4t: Ethische Perspektiven zur datenbasierten Optimierung von Lernprozessen.&#8221; Workshop der Medienberatenden der Schulen in NRW 2023. Essen, 25 October 2023.<\/li>\n<li>Weydner-Volkmann, Sebastian (2023): &#8220;How can moral beliefs fail in experience? A Deweyan account.&#8221; X. Tagung f\u00fcr Praktische Philosophie. Salzburg, 28-20 September 2023.<\/li>\n<li>Weydner-Volkmann, Sebastian (2023): &#8220;Ethics of Learning Analytics in Higher Education: On the lack of a methodological debate in LA ethics.&#8221; LearningAID 2023. Bochum, 28-29 August 2023.<\/li>\n<li>Weydner-Volkmann, Sebastian (2023): &#8220;Learning Analytics: Feedback-Tools im Spannungsfeld zwischen Studierendenautonomie und Konformit\u00e4tsdruck im Lernen.&#8221; Vortragsreihe KI in der Hochschullehre. dghd \u2013 Deutsche Gesellschaft f\u00fcr Hochschuldidaktik (online). Zoom, 28 June 2023.<\/li>\n<li>Weydner-Volkmann, Sebastian &amp; M. Angela Sasse (2023): &#8220;Kompetenzbildung zu Dual-Use-Problemen: Potentiale einer interdisziplin\u00e4ren Lehre zwischen IT-Sicherheit und (Technik-)Ethik.&#8221; Sensibilisierung und Kompetenz\u00adbildung f\u00fcr Ethik sicherheitsrelevanter Forschung (Dual Use) in der Lehre \u2013 Theorien, Metho\u00adden, Good\u00ad-Practices. Leopoldiner und DFG. Landesvertretung Sachsen\u00ad-Anhalt in Berlin, Berlin, 05 June 2023.<\/li>\n<li>Weydner-Volkmann, Sebastian (2023): &#8220;How can moral beliefs fail? A Deweyan account.&#8221; &#8220;Comprehensive Worldviews&#8221;. Zweite Tagung des German Pragmatism Network. University of Koblenz, Germany, 01-03 June 2023.<\/li>\n<li>Weydner-Volkmann, Sebastian (2023): &#8220;Learning Analytics und Self-Tracking: Feedback-Systeme zwischen Autonomie und Selbstregulation.\u201c Workshop zu Mensch-Maschine-Interaktion und Informationsdarstellung: Philosophische Perspektiven auf KI-Anwendungen. Ruhr University Bochum, Germany, 20\u201321 April 2023.<\/li>\n<li>Cassing, Kaya &amp; Sebastian Weydner-Volkmann (2022): &#8220;Forschende in der Angriffsrolle: Zum Bedarf einer neuen forschungsethischen Kultur in der IT-Sicherheit.&#8221; NTA10 &#8211; Kultur und Digitalisierung. TA-Swiss, Bern, Switzerland, 14\u201316 November 2022.<\/li>\n<li>Weydner-Volkmann, Sebastian &amp; Dominik B\u00e4r (2022): &#8220;Ethische Aspekte der Nutzung K\u00fcnstlicher Intelligenz im Hochschulkontext.&#8221; Workshop Hochschulbildung mit K\u00fcnstlicher Intelligenz organisieren? Ethische Aspekte zur Transformation der Hochschulbildung. University of Vienna, 08 November 2022.<\/li>\n<li>Weydner-Volkmann, Sebastian (2022): &#8220;Self-Tracking als Arbeit am Charakter? Selbstvermessung im Lichte von John Deweys Konzept reflektierter Habitualisierung.&#8221; IX. Tagung f\u00fcr Praktische Philosophie. University of Salzburg, 29\u201330 September 2022.<\/li>\n<li>Weydner-Volkmann, Sebastian (2022): &#8220;Socio-technical chains of trust: The limits of trust in IT and the potential for interlocking trust concepts from philosophy.&#8221; Trust in Information Network (TIIN) Seminar. Online, Hosted by High-Performance Computer Center Stuttgart, Germany, 13 April 2022.<\/li>\n<li>Weydner-Volkmann, Sebastian (2022): &#8220;Ethik und KI \u2013 Eine Verh\u00e4ltnisbestimmung.&#8221; Lecture Series MA Programme &#8220;Human Factors&#8221; of the HS Furtwangen (online), Germany,\u00a008 April 2022.<\/li>\n<li>Weydner-Volkmann, Sebastian (2022): &#8220;Filter Bubbles, Echo Chambers and Shared Experience:<br \/>Dewey\u2019s Conception of the Public in the Digital Age.&#8221;\u00a0International Philosophical Conference on &#8220;The Individual and the Community in American Philosophy Today and in the Twentieth Century.&#8221; Online, Hosted by Institute of Philosophy and Sociology, Polish Academy of Sciences, Warsaw, Poland, 07 April 2022.<br \/>Presentation recording available on <a href=\"https:\/\/youtu.be\/hfN9pBhMK90?t=14357\">Youtube<\/a>.<\/li>\n<li>Weydner-Volkmann, Sebastian (2021): &#8220;Vertrauen und Vertrautheit bei KI-Technologien.&#8221; KI-Abende der LMU-M\u00fcnchen. Online, hosted by LMU M\u00fcnchen, Germany, 18 November 2021.<\/li>\n<li>Weydner-Volkmann, Sebasitan (2021): &#8220;Ethische Folgenforschung zur K\u00fcnstlichen Intelligenz.\u00a0Perspektiven f\u00fcr einen moralpragmatischen Beitrag.&#8221; XXV. Kongress der Deutschen Gesellschaft f\u00fcr Philosophie. Online, hosted by\u00a0Friedrich Alexander University of Erlangen-N\u00fcrnberg, Germany, 7 September 2021.<\/li>\n<li>Weydner-Volkmann, Sebastian (2021): &#8220;Digitally Shared Experience? Deweys Demokratieverst\u00e4ndnis im digitalen Zeitalter.&#8221; Living Democracy. Tagung des German Pragmatism Network. Online, hosted by University of Hildesheim, Germany, 29 May 2021.<\/li>\n<li>Weydner-Volkmann, Sebastian (2021): &#8220;Ethics as part of technology assessment (TA):\u2028 Historical perspectives and current challenges&#8221;. Colloquium Wissenschaftstheorie und Wissenschaftsgeschichte. Online, hosted by Ruhr-Universit\u00e4t Bochum, Germany, 14 January 2021.<\/li>\n<li>Weydner-Volkmann, Sebastian (2020): &#8220;Long Chains of Trust. Soziotechnische Integration von Vertrauenskonzepten f\u00fcr datenschutzfreundliche Video\u00fcberwachung.&#8221; Keynote. Abschlusssymposium SecHuman \u2013 Sicherheit f\u00fcr Menschen im Cyberspace. \u00a0Ruhr University Bochum, Germany, 28 October 2020.<\/li>\n<li>Weydner-Volkmann, Sebastian (2020): &#8220;Datengetriebene Grenzkontrollen: Ethische Aspekte&#8221;. Profilfeldworkshop zur zivilen Sicherheitsforschung. University of Freiburg, Germany, 14 February 2020.<\/li>\n<li>Weydner-Volkmann, Sebastian (2019): &#8220;Ethische Technikfolgenabsch\u00e4tzung (TA) als Kartographie situativer Wertungskonflikte. Moralpragmatische Perspektiven im Anschluss an John Dewey.&#8221; Technikphilosophisches Colloquium, ETH Z\u00fcrich, Schweiz, 1\u20132 February 2019.<\/li>\n<li>Weydner-Volkmann, Sebastian (2018): &#8220;Post-9\/11 Security Screening: Pragmatic Ethics of Counter-Terrorism at the Borders and at the Airport.&#8221; International Workshop on New Wars and Philosophy. Pennsylvania State University, University Park (PA), USA, 2\u20133 November 2018.<\/li>\n<li>Weydner-Volkmann, Sebastian (2018): &#8220;\u00d6ffentliche Sicherheit und Technikfolgenabsch\u00e4tzung. Perspektiven aus der angewandten Ethik.&#8221; Studium Generale of the University of Furtwangen, Germany, 14 June 2018.<br \/><a href=\"https:\/\/www.hs-furtwangen.de\/aktuelles\/detail\/414-oeffentliche-sicherheit-und-technikfolgenabschaetzung\/\" target=\"_blank\" rel=\"noopener noreferrer\">Abstract<\/a><\/li>\n<li>Weydner-Volkmann, Sebastian (2018): &#8220;Moralpragmatische TA: Zur Bearbeitung von Wertungskonflikten bei technischem (Sicherheits-) Handeln.&#8221; TA18:\u00a0Technikfolgenabsch\u00e4tzung und Normativit\u00e4t \u2013 An welchen Werten orientiert sich TA? Vienna, Austria, 11 June 2018.<br \/><a href=\"https:\/\/www.oeaw.ac.at\/ita\/veranstaltungen\/konferenzen-workshops\/ta18\/abstracts\/#sdv3\" target=\"_blank\" rel=\"noopener noreferrer\">Abstract<\/a> | <a href=\"https:\/\/www.oeaw.ac.at\/ita\/fileadmin\/redaktion\/Veranstaltungen\/konferenzen\/ta18\/ta18-weydner-volkmann.pdf\" target=\"_blank\" rel=\"noopener noreferrer\">Slides (PDF)<\/a> | <a href=\"https:\/\/www.oeaw.ac.at\/ita\/veranstaltungen\/konferenzen-workshops\/ta18\/programm\/\" target=\"_blank\" rel=\"noopener noreferrer\">Conference Programme<\/a><\/li>\n<li>Langford, Marian L.; Herschel, Reinhold; Madhogaria, Satish; Platt, Duncan; Volkmann, Sebastian (2017): &#8220;Test and Evaluation of the TeraSCREEN Security Screening System.&#8221; European Microwave Week 2017. Nuremberg, Germany, 8\u201313 October 2017.<br \/><a href=\"http:\/\/www.eumweek.com\/archive\/eumweek2017\/www.eumweek.com\/docs\/2577_eumw2017_conf_prog_MAIN_FINAL_v2.pdf\">Conference Programme<\/a><\/li>\n<li>Volkmann, Sebastian (2017): &#8220;Pragmatic Ethics as a Method for Morally Informed Decision Making.&#8221;\u00a0Vom Zukunftswissen zum Handeln &#8211; Expertise und Entscheidungen \u00fcber Umwelt, Gesundheit und Sicherheit im 20. und 21. Jahrhundert. Freiburg, Germany, 5\u20136 October 2017.<br \/><a href=\"https:\/\/www.frias.uni-freiburg.de\/downloads\/veranstaltungen\/WebFlyerzukunftswissen_endversion.pdf\">Conference Programme<\/a><\/li>\n<li>Volkmann,\u00a0Sebastian; \u00a0Feiten, Linus; Zimmermann, Christian; Sester, Sebastian; Wehle, Laura; Becker, Bernd (2016): &#8220;Digitale Tarnkappe: Anonymisierung in Videoaufnahmen.&#8221; Informatik 2016, 46. Jahrestagung der Gesellschaft f\u00fcr Informatik. Klagenfurt, Austria,\u00a026\u201330 September 2016.<br \/><a href=\"http:\/\/dblp2.uni-trier.de\/db\/conf\/gi\/gi2016.html\">Conference page<\/a><\/li>\n<li>Feiten, Linus; Sester, Sebastian; Zimmermann, Christian; Volkmann, Sebastian; Wehle, Laura; Becker, Bernd (2016): &#8220;Revocable Anonymisation in Video Surveillance: A &#8216;Digital Cloak of Invisibility.'&#8221; HCC 2016: Technology and Intimacy: Choice or Coercion. Salford, UK, 7\u20139 September 2016.<br \/><a href=\"https:\/\/www.youtube.com\/channel\/UCvjtCZuhd57sf3qG3-w9eYw\">Conference Youtube channel<\/a><\/li>\n<li>Volkmann, Sebastian (2015): &#8220;Risk Based Passenger Screening in Aviation Security. Implications and Variants of a New Paradigm.&#8221; FRIAS Junior Researcher Conference &#8211; New Philosophical Perspectives on Surveillance and Control: Beyond the Privacy versus Security Debate. Freiburg, Germany, 5\u20136 November 2015.<br \/><a href=\"https:\/\/weydner-volkmann.de\/wp-content\/uploads\/2017\/04\/Volkmann-FRIAS2015.pdf\">Slides (PDF)<\/a>\u00a0| <a href=\"https:\/\/www.frias.uni-freiburg.de\/de\/veranstaltungen\/nachwuchskonferenzen\/beyond-privacy-and-security\">Conference page<\/a><\/li>\n<li>Volkmann, Sebastian (2015): &#8220;Privacy impact assessment beyond the &#8216;virtual strip search'&#8221;. Amsterdam Privacy Conference. Amsterdam, Netherlands, 23\u201326 October 2015.<br \/><a href=\"http:\/\/www.apc2015.net\/sites\/default\/files\/pdffiles\/APC2015%20Almost%20final%20book%20of%20abstracts.doc_.pdf\">Abstract (PDF)<\/a> | <a href=\"https:\/\/weydner-volkmann.de\/wp-content\/uploads\/2017\/04\/Volkmann-APC2015.pdf\">Slides (PDF)<\/a>\u00a0| <a href=\"http:\/\/www.apc2015.net\">Conference page<\/a><\/li>\n<li>Volkmann, Sebastian (2015): &#8220;Aviation (in\u2011)security. Ethical trade-offs in risk based passenger screening.&#8221; Conference\u00a0poster presentation at &#8220;The Value of (In\u2011)Security&#8221;. T\u00fcbingen, Germany, 28-30 July 2015.<br \/><a href=\"https:\/\/weydner-volkmann.de\/wp-content\/uploads\/2017\/04\/Poster_aviation_in-security.pdf\">Conference poster (PDF)<\/a><\/li>\n<li>Volkmann, Sebastian (2015): &#8220;Evaluating Ethical Risks of\u00a0Airport Passenger Screening. A framework for applied ethics of public security\u00a0from the EU project XP-DITE.&#8221; Poster presentation at the conference SiFo\u00a02015 &#8220;Grenzenlose Sicherheit? \u2013 Gesellschaftliche Dimensionen der Sicherheitsforschung&#8221;. Berlin, Germany, 7\u20138 May 2015.<br \/><a href=\"http:\/\/www.sifo-dialog.de\/images\/pdf\/konferenz-2015\/Postersession\/Sifo_Poster2015_01-45_Juni_Druck.pdf\">Conference poster (PDF, No 22)<\/a><\/li>\n<li>Volkmann, Sebastian (2014): &#8220;Passenger asymmetries in aviation security. The case of risk based passenger screening.&#8221; EASST 2014: Situating Solidarities. Social Challenges for Science and Technology Studies. Torun, Poland, 17\u201319 September 2014.<br \/><a href=\"https:\/\/weydner-volkmann.de\/wp-content\/uploads\/2017\/04\/Volkmann-EASST2014.pdf\">Slides (PDF)<\/a>\u00a0|\u00a0<a href=\"http:\/\/www.easst.umk.pl\">Conference page<\/a><\/li>\n<li>Volkmann, Sebastian (2013): &#8220;&#8216;Don\u2019t touch my junk!&#8217; \u2013 Versuch eines (pragmatisch orientierten) Frameworks f\u00fcr die Bewertung der ethischen und gesellschaftlichen Auswirkungen von Flughafenscreening.&#8221;\u00a013. \u00d6sterreichische Konferenz zu Technikfolgenabsch\u00e4tzung. Vienna, Austria, 03 June 2013.<br \/><a href=\"http:\/\/www.oeaw.ac.at\/ita\/de\/veranstaltungen\/konferenzen-workshops\/konferenzarchiv\/ta13-konferenz-362013\/abstracts\/#volkmann\">Abstract<\/a> | <a href=\"http:\/\/www.oeaw.ac.at\/ita\/fileadmin\/redaktion\/Veranstaltungen\/konferenzen\/ta13\/praes\/ta13-volkmann.pdf\">Slides (PDF)<\/a> | <a href=\"http:\/\/www.oeaw.ac.at\/ita\/veranstaltungen\/konferenzen-workshops\/konferenzarchiv\/ta13-konferenz-362013\/ueberblick\/\">Conference page<\/a><\/li>\n<li>Volkmann, Sebastian (2012): &#8220;Angewandte Ethik f\u00fcr \u00f6ffentliche Sicherheit:\u00a0Versuch der Bestimmung einer Bereichsethik im Lichte neuerer Sicherheitstechnologien.&#8221; Sicherheit in einer offenen Gesellschaft. Doktoranden-Symposium des Centre for Security and Society. Freiburg, Germany, 06\u00a0November\u00a02012.<br \/><a href=\"https:\/\/weydner-volkmann.de\/wp-content\/uploads\/2017\/04\/Volkmann2012-Sicherheit_in_einer_offenen_Gesellschaft.pdf\">Slides (PDF)<\/a><\/li>\n<li>Volkmann, Sebastian (2012): &#8220;&#8216;Pariah thinking&#8217;: Hannah Arendt\u2019s political philosophy and the charge of lacking tradition.&#8221; Journ\u00e9e d\u2019Etudes: Param\u00e8tres \u00e9pist\u00e9mologiques de la circulation des id\u00e9es en sciences sociales. Freiburg, Germany,\u00a029\u201030 March 2012.<\/li>\n<\/ul>\n<\/div>\n<\/div>\n<\/div>\n<\/div>\n\n\n<p><\/p>\n","protected":false},"excerpt":{"rendered":"<p>Weydner-Volkmann, Sebastian (2025): \u201cSelf-Tracking, Learning Analytics and Self-Surveillance.\u201d Privacy in Public Lecture Series. University of Amsterdam, Netherlands, 10 December 2025. Weydner-Volkmann, Sebastian &amp; Selin Gerlek (2025): \u201cMateriality and Machinic Embodiment: A post-phenomenological inquiry into ChatGPT\u2019s active user interface.\u201d Workshop on Body, Time, and Digital Technologies: Philosophical and Literary Perspectives. University of Cyprus (online), Zoom, 02&#8230;<\/p>\n","protected":false},"author":1,"featured_media":0,"parent":0,"menu_order":0,"comment_status":"closed","ping_status":"closed","template":"","meta":{"footnotes":""},"class_list":["post-127","page","type-page","status-publish","hentry"],"_links":{"self":[{"href":"https:\/\/weydner-volkmann.de\/index.php?rest_route=\/wp\/v2\/pages\/127","targetHints":{"allow":["GET"]}}],"collection":[{"href":"https:\/\/weydner-volkmann.de\/index.php?rest_route=\/wp\/v2\/pages"}],"about":[{"href":"https:\/\/weydner-volkmann.de\/index.php?rest_route=\/wp\/v2\/types\/page"}],"author":[{"embeddable":true,"href":"https:\/\/weydner-volkmann.de\/index.php?rest_route=\/wp\/v2\/users\/1"}],"replies":[{"embeddable":true,"href":"https:\/\/weydner-volkmann.de\/index.php?rest_route=%2Fwp%2Fv2%2Fcomments&post=127"}],"version-history":[{"count":50,"href":"https:\/\/weydner-volkmann.de\/index.php?rest_route=\/wp\/v2\/pages\/127\/revisions"}],"predecessor-version":[{"id":907,"href":"https:\/\/weydner-volkmann.de\/index.php?rest_route=\/wp\/v2\/pages\/127\/revisions\/907"}],"wp:attachment":[{"href":"https:\/\/weydner-volkmann.de\/index.php?rest_route=%2Fwp%2Fv2%2Fmedia&parent=127"}],"curies":[{"name":"wp","href":"https:\/\/api.w.org\/{rel}","templated":true}]}}